{"id":1254,"date":"2011-04-11T16:52:04","date_gmt":"2011-04-11T19:52:04","guid":{"rendered":"http:\/\/www.butokukaisa.com.br\/"},"modified":"2023-05-29T08:41:16","modified_gmt":"2023-05-29T11:41:16","slug":"estilos-do-karate","status":"publish","type":"page","link":"https:\/\/butokukaisa.com.br\/site\/informacoes-sobre-o-karate\/estilos-do-karate\/","title":{"rendered":"ESTILOS DE KARAT\u00ca"},"content":{"rendered":"<figure id=\"attachment_1255\" aria-describedby=\"caption-attachment-1255\" style=\"width: 150px\" class=\"wp-caption aligncenter\"><img decoding=\"async\" class=\"wp-image-1255 size-thumbnail\" src=\"https:\/\/butokukaisa.com.br\/site\/wp-content\/uploads\/2011\/04\/images3-150x150.jpeg\" alt=\"\" width=\"150\" height=\"150\" \/><figcaption id=\"caption-attachment-1255\" class=\"wp-caption-text\">WADORYU<\/figcaption><\/figure>\n<p style=\"text-align: justify;\">O estilo Wado-Ryu (Estilo do caminho da paz), foi criado pelo Mestre Hironori Otsuka e se difere dos demais estilos por usar o m\u00ednimo de esfor\u00e7o. \u00c9 baseado em princ\u00edpios f\u00edsicos e fisiol\u00f3gicos, utilizando esquivas, bases mais altas e nomenclatura pr\u00f3pria e original desde a sua cria\u00e7\u00e3o e t\u00e9cnicas peculiares do pr\u00f3prio estilo.<\/p>\n<p><span style=\"display: block; font-size: 0; height: 0;\">2020 tampa pro ifbb: photos of the last callout of the men&#8217;s open bodybuilding race &#8211; ultimatebeefmagazine <a title=\"metabolic renewal\" href=\"https:\/\/femalebodybuildingsite.com\/metabolic-renewal-type-4-exercises\/\">metabolic renewal<\/a> free gay bodybuilding.<\/span><\/p>\n<figure id=\"attachment_1257\" aria-describedby=\"caption-attachment-1257\" style=\"width: 150px\" class=\"wp-caption aligncenter\"><img decoding=\"async\" class=\"wp-image-1257 size-thumbnail\" src=\"https:\/\/butokukaisa.com.br\/site\/wp-content\/uploads\/2011\/04\/images6-150x150.jpeg\" alt=\"\" width=\"150\" height=\"150\" \/><figcaption id=\"caption-attachment-1257\" class=\"wp-caption-text\">SHITORYU<\/figcaption><\/figure>\n<p style=\"text-align: justify;\">O estilo Shito-Ryu criado por Kenwa Mabuni \u00e9 caracterizado por uma grande riqueza de formas (katas) e \u00e9 uma fus\u00e3o das caracter\u00edsticas Naha-te e Shuri-te. A palavra Shito vem dos caracteres japoneses que escrevia o nome de seus professores &#8220;Shi&#8221; representa o primeiro kanji do nome de Itosu e &#8220;To&#8221; representa o primeiro Kanji do nome de Higaona, enquanto &#8220;ryu&#8221; significa escola ou estilo.<\/p>\n<figure id=\"attachment_1260\" aria-describedby=\"caption-attachment-1260\" style=\"width: 150px\" class=\"wp-caption aligncenter\"><img decoding=\"async\" class=\"wp-image-1260 size-thumbnail\" src=\"https:\/\/butokukaisa.com.br\/site\/wp-content\/uploads\/2011\/04\/images22-150x150.jpeg\" alt=\"\" width=\"150\" height=\"150\" srcset=\"https:\/\/butokukaisa.com.br\/site\/wp-content\/uploads\/2011\/04\/images22-150x150.jpeg 150w, https:\/\/butokukaisa.com.br\/site\/wp-content\/uploads\/2011\/04\/images22.jpeg 225w\" sizes=\"(max-width: 150px) 100vw, 150px\" \/><figcaption id=\"caption-attachment-1260\" class=\"wp-caption-text\">SHOTOKAN<\/figcaption><\/figure>\n<p style=\"text-align: justify;\">Fundado pelo Mestre Gichin Funakoshi , Shotokan, significa &#8220;Academia de Shoto&#8221;. Shoto em japon\u00eas significa Pinheiro &#8211; pseud\u00f4nimo art\u00edstico que o mestre Funakoshi assinava seus poemas. O estilo Shotokan \u00e9 ideal para longa dist\u00e2ncia, por ser uma t\u00e9cnica longa e ao mesmo tempo r\u00e1pida.<\/p>\n<figure id=\"attachment_1261\" aria-describedby=\"caption-attachment-1261\" style=\"width: 150px\" class=\"wp-caption aligncenter\"><img loading=\"lazy\" decoding=\"async\" class=\"wp-image-1261 size-thumbnail\" src=\"https:\/\/butokukaisa.com.br\/site\/wp-content\/uploads\/2011\/04\/images15-150x150.jpeg\" alt=\"\" width=\"150\" height=\"150\" \/><figcaption id=\"caption-attachment-1261\" class=\"wp-caption-text\">GOJURYU<\/figcaption><\/figure>\n<p>O estilo Goju-Ryu, cujo nome adv\u00e9m de Go ( for\u00e7a ) , Ju ( flexibilidade ) foi fundado pelo Mestre Chojum Miyagi. \u00c9 uma t\u00e9cnica que prima pelo Bloqueio para dar mais rapidez ao ataque. \u00c9 uma t\u00e9cnica penosa, dura e verdadeira. Nessa escola caracteriza-se uma respira\u00e7\u00e3o &#8220;Kokyu&#8221; abdominal sonora.<\/p>\n<figure id=\"attachment_1262\" aria-describedby=\"caption-attachment-1262\" style=\"width: 150px\" class=\"wp-caption aligncenter\"><img loading=\"lazy\" decoding=\"async\" class=\"wp-image-1262 size-thumbnail\" src=\"https:\/\/butokukaisa.com.br\/site\/wp-content\/uploads\/2011\/04\/shorin-ryu-150x150.jpg\" alt=\"\" width=\"150\" height=\"150\" \/><figcaption id=\"caption-attachment-1262\" class=\"wp-caption-text\">SHORIN-RYU<\/figcaption><\/figure>\n<p style=\"text-align: justify;\">Seus preceitos incluem respeito, cortesia, paz, fraternidade, dedica\u00e7\u00e3o, harmonia, justi\u00e7a, uni\u00e3o, humildade, paci\u00eancia, otimismo, bom-senso, prud\u00eancia, controle da viol\u00eancia e disciplina.<\/p>\n<p style=\"text-align: justify;\">Efeitos imediatos s\u00e3o elasticidade, reflexo,auto-confian\u00e7a, controle do stress, bem-estar, sensibilidade, percep\u00e7\u00e3o, intui\u00e7\u00e3o, criatividade e seguran\u00e7a pessoal.<\/p>\n<p style=\"text-align: justify;\">Os treinamentos incluem preparo f\u00edsico-mental-espiritual-emocional-social, defesa-pessoal, armas antigas e medita\u00e7\u00e3o com aulas criteriosas para todos n\u00edveis e idades, masculino e feminino, sem contato total, uma infinidade de t\u00e9cnicas de m\u00e3o, dedos, pulso, cotovelo e bra\u00e7os, p\u00e9s, joelho e pernas, cabe\u00e7a, quedas, tor\u00e7\u00f5es e imobiliza\u00e7\u00f5es, com orienta\u00e7\u00e3o educacional legal e comportamental.<\/p>\n<p style=\"text-align: justify;\">O estilo Shorin de Karat\u00ea nasceu na Ilha de Okinawa (na \u00e9poca territ\u00f3rio independente &#8211; hoje um Estado do Jap\u00e3o). Antigamente denominava-se Shuri-Te. Antes de ser denominado Shuri-Te, era conhecido como Okinawa-Te; antes disto como Ti, Te, ou To-De (pr\u00e1tica nativa local).<\/p>\n<p style=\"text-align: justify;\">A linhagem original do Shorin inicia-se com Choshin Chibana, seguido por Katsuya Miyahira, e Yoshihide Shinzato, todos 10\u00b0 Dan.<\/p>\n<p style=\"text-align: center;\"><strong>OS TR\u00caS MAIORES ESTILOS DO KARAT\u00ca<\/strong><\/p>\n<p style=\"text-align: justify;\">Karat\u00ea \u00e9 unit\u00e1rio, n\u00e3o se divide na sua ess\u00eancia, por\u00e9m da variedade de formas de treinamento e postura, provenientes de variadas influ\u00eancias de regi\u00f5es ou at\u00e9 outro povos, surgiram os v\u00e1rios estilos.<\/p>\n<p style=\"text-align: justify;\">Exemplificando, diremos que toda \u00e1rvore tem um tronco, esse seria a ess\u00eancia. Deste partem os galhos em tamanhos variados, adquirindo suas pr\u00f3prias formas. Assim, tamb\u00e9m, \u00e9 o Karat\u00ea. Possui um tronco \u00fanico que \u00e9 a pr\u00f3pria arte marcial e os v\u00e1rios galhos, que poderemos dizer, simbolizam os estilos.<\/p>\n<p style=\"text-align: justify;\">Estilo \u00e9 na verdade o m\u00e9todo usado por cada um dos antigos mestres dentro das suas pr\u00f3prias caracter\u00edsticas e concep\u00e7\u00f5es.<\/p>\n<p style=\"text-align: justify;\">Atualmente, existem v\u00e1rios estilos: SHOTOKAN, SHITO-RYU, WADO-RYU, GOJU-RYU, SHORIN-RYU, KIOKUSHINKAI e outros. Destes o mais praticado e difundido no Brasil \u00e9 o SHOTOKAN.<\/p>\n<p style=\"text-align: justify;\">Estes s\u00e3o os estilos mais conhecidos universalmente e embora outros venham sendo difundidos em menor escala, ainda n\u00e3o possuem o necess\u00e1rio &#8220;status&#8221; para fazerem-se representar em competi\u00e7\u00f5es de grande porte.<\/p>\n<p style=\"text-align: justify;\">A grande diferen\u00e7a entre os v\u00e1rios estilo se evidencia quando da execu\u00e7\u00e3o dos Kata. Enquanto alguns apresentam movimentos longos outros o fazem em formas curtas demonstrando diferen\u00e7as posturais. Entretanto, as lutas s\u00e3o bastante parecidas, vez que as pr\u00f3prias competi\u00e7\u00f5es federativas, atrav\u00e9s de suas regras \u00fanicas, provocam esta aproxima\u00e7\u00e3o entre os estilos.<\/p>\n<p style=\"text-align: center;\"><img loading=\"lazy\" decoding=\"async\" class=\"aligncenter wp-image-1263 size-full\" src=\"https:\/\/butokukaisa.com.br\/site\/wp-content\/uploads\/2011\/04\/estilos_de_karate.gif\" alt=\"Os tr\u00eas principais estilos e as mais fortes correntes atualmente existentes.\" width=\"596\" height=\"400\" \/><\/p>\n<p style=\"text-align: justify;\">Como se v\u00ea por esse breve hist\u00f3rico, v\u00e1rias escolas de karate surgiram. Muitas bem sucedidas e que carregam v\u00e1rios adeptos atrav\u00e9s dos anos, mantendo os ensinamentos originais de seus fundadores. Cada escola marcial, que se tornava forte, tinha suas pr\u00f3prias caracter\u00edsticas tornando-se uma arte em si.<\/p>\n<p style=\"text-align: justify;\">Al\u00e9m disso, a partir do estilo especial de treinar karate criado em Okinawa, linhas tamb\u00e9m especiais surgiram, como o Goju-Ryu, Shito-Ryu e Shotokan.<\/p>\n<p style=\"text-align: justify;\">Esses se destacam como os principais estilos (mant\u00e9m-se at\u00e9 hoje, no mundo todo). Cada estilo possu\u00eda dezenas de adeptos.<\/p>\n<p style=\"text-align: justify;\">Entre todos eles, alguns se sobressaiam e chegaram a desenvolver a arte marcial a um n\u00edvel nunca atingido anteriormente. Dessa forma, o destaque e reconhecimento era inevit\u00e1vel. Muitos alunos e seguidores consideravam seus conhecimentos como um livro sagrado, na tentativa de perpetuar seus ideais.<\/p>\n<p style=\"text-align: justify;\">Por\u00e9m essa perpetua\u00e7\u00e3o n\u00e3o ocorreu de forma ilesa, isso, por permitir um grande n\u00famero de adeptos, que se espalhavam pelo mundo todo, e que acabaram por criar diferentes correntes.<\/p>\n","protected":false},"excerpt":{"rendered":"<p>O estilo Wado-Ryu (Estilo do caminho da paz), foi criado pelo Mestre Hironori Otsuka e se difere dos demais estilos por usar o m\u00ednimo de esfor\u00e7o. \u00c9 baseado em princ\u00edpios f\u00edsicos e fisiol\u00f3gicos, utilizando esquivas, bases mais altas e nomenclatura pr\u00f3pria e original desde a sua cria\u00e7\u00e3o e t\u00e9cnicas peculiares do pr\u00f3prio estilo. 2020 tampa [&hellip;]<\/p>\n","protected":false},"author":1,"featured_media":0,"parent":1176,"menu_order":0,"comment_status":"closed","ping_status":"closed","template":"","meta":{"_blockly_fonts_attr":"","footnotes":""},"class_list":["post-1254","page","type-page","status-publish","hentry"],"_links":{"self":[{"href":"https:\/\/butokukaisa.com.br\/site\/wp-json\/wp\/v2\/pages\/1254","targetHints":{"allow":["GET"]}}],"collection":[{"href":"https:\/\/butokukaisa.com.br\/site\/wp-json\/wp\/v2\/pages"}],"about":[{"href":"https:\/\/butokukaisa.com.br\/site\/wp-json\/wp\/v2\/types\/page"}],"author":[{"embeddable":true,"href":"https:\/\/butokukaisa.com.br\/site\/wp-json\/wp\/v2\/users\/1"}],"replies":[{"embeddable":true,"href":"https:\/\/butokukaisa.com.br\/site\/wp-json\/wp\/v2\/comments?post=1254"}],"version-history":[{"count":0,"href":"https:\/\/butokukaisa.com.br\/site\/wp-json\/wp\/v2\/pages\/1254\/revisions"}],"up":[{"embeddable":true,"href":"https:\/\/butokukaisa.com.br\/site\/wp-json\/wp\/v2\/pages\/1176"}],"wp:attachment":[{"href":"https:\/\/butokukaisa.com.br\/site\/wp-json\/wp\/v2\/media?parent=1254"}],"curies":[{"name":"wp","href":"https:\/\/api.w.org\/{rel}","templated":true}]}}