{"id":1286,"date":"2011-04-18T08:00:53","date_gmt":"2011-04-18T11:00:53","guid":{"rendered":"http:\/\/www.butokukaisa.com.br\/"},"modified":"2019-08-08T19:12:29","modified_gmt":"2019-08-08T19:12:29","slug":"analise-de-competicoes-de-karate","status":"publish","type":"page","link":"https:\/\/butokukaisa.com.br\/site\/o-karate-esportivo\/analise-de-competicoes-de-karate\/","title":{"rendered":"AN\u00c1LISE DE COMPETI\u00c7\u00c3O DE KARAT\u00ca"},"content":{"rendered":"<div>\n<p style=\"text-align: justify;\"><img fetchpriority=\"high\" decoding=\"async\" class=\"wp-image-1287 size-full alignleft\" src=\"https:\/\/butokukaisa.com.br\/site\/wp-content\/uploads\/2011\/04\/images9.jpeg\" alt=\"\" width=\"174\" height=\"289\" \/><\/p>\n<p style=\"text-align: justify;\">As competi\u00e7\u00f5es s\u00e3o uma forma esportiva que seguem regras espec\u00edficas, onde o praticante do Karate pode testar e medir seu desenvolvimento t\u00e9cnico adquirido atrav\u00e9s de \u00e1rduos\u00a0treinamentos, de por a prova seu controle emocional e elevar seu esp\u00edrito do Budo, respeitanto a organiza\u00e7\u00e3o do evento, os \u00e1rbitros, pessoal de apoio, o p\u00fablico, familiares e principalmente seu oponente, que esta lhe ajudando no seu aprimoramento,\u00a0por isso, deve ser respeitado e preservado fisicamente.<\/p>\n<p style=\"text-align: justify;\">Vit\u00f3rias\u00a0 ou derrotas fazem parte do aprendizado das competi\u00e7\u00f5es, e os resultados positivos\u00a0reprensentam que no momento da competi\u00e7\u00e3o o atleta\u00a0foi mais eficiente, mas que o atleta derrotado pode analisar suas defici\u00eancias, treinar mais\u00a0e ser mais eficaz na pr\u00f3xima competi\u00e7\u00e3o.<\/p>\n<p style=\"text-align: justify;\">Os resultados nas competi\u00e7\u00f5es dependem de muitos fatores de sucesso, que v\u00e3o desde o sorteio das chaves, do n\u00edvel t\u00e9cnico dos atletas participantes, da abrang\u00eancia do evento, do ambiente interno e externo que envolvem\u00a0o atleta,\u00a0da arbitragem que devem ser moderadoras das regras e\u00a0que n\u00e3o devem ser oneradas nos casos das derrotas.<\/p>\n<p style=\"text-align: justify;\">As competi\u00e7\u00f5es tem sua plenitude em quanto a\u00a0juventude e\u00a0o virgor f\u00edsico\u00a0for mantido, mas\u00a0n\u00e3o medem o car\u00e1ter do praticante do Karate, que deve ter em mente que o Karate \u00e9 Arte Marcial e devem buscar o verdadeiro caminho do Budo, para todo uma vida de dedica\u00e7\u00e3o.<\/p>\n<\/div>\n","protected":false},"excerpt":{"rendered":"<p>As competi\u00e7\u00f5es s\u00e3o uma forma esportiva que seguem regras espec\u00edficas, onde o praticante do Karate pode testar e medir seu desenvolvimento t\u00e9cnico adquirido atrav\u00e9s de \u00e1rduos\u00a0treinamentos, de por a prova seu controle emocional e elevar seu esp\u00edrito do Budo, respeitanto a organiza\u00e7\u00e3o do evento, os \u00e1rbitros, pessoal de apoio, o p\u00fablico, familiares e principalmente seu [&hellip;]<\/p>\n","protected":false},"author":1,"featured_media":0,"parent":1504,"menu_order":2,"comment_status":"closed","ping_status":"closed","template":"","meta":{"_blockly_fonts_attr":"","footnotes":""},"class_list":["post-1286","page","type-page","status-publish","hentry"],"_links":{"self":[{"href":"https:\/\/butokukaisa.com.br\/site\/wp-json\/wp\/v2\/pages\/1286","targetHints":{"allow":["GET"]}}],"collection":[{"href":"https:\/\/butokukaisa.com.br\/site\/wp-json\/wp\/v2\/pages"}],"about":[{"href":"https:\/\/butokukaisa.com.br\/site\/wp-json\/wp\/v2\/types\/page"}],"author":[{"embeddable":true,"href":"https:\/\/butokukaisa.com.br\/site\/wp-json\/wp\/v2\/users\/1"}],"replies":[{"embeddable":true,"href":"https:\/\/butokukaisa.com.br\/site\/wp-json\/wp\/v2\/comments?post=1286"}],"version-history":[{"count":0,"href":"https:\/\/butokukaisa.com.br\/site\/wp-json\/wp\/v2\/pages\/1286\/revisions"}],"up":[{"embeddable":true,"href":"https:\/\/butokukaisa.com.br\/site\/wp-json\/wp\/v2\/pages\/1504"}],"wp:attachment":[{"href":"https:\/\/butokukaisa.com.br\/site\/wp-json\/wp\/v2\/media?parent=1286"}],"curies":[{"name":"wp","href":"https:\/\/api.w.org\/{rel}","templated":true}]}}