{"id":1362,"date":"2011-05-05T08:19:02","date_gmt":"2011-05-05T11:19:02","guid":{"rendered":"http:\/\/www.butokukaisa.com.br\/"},"modified":"2022-04-16T12:03:59","modified_gmt":"2022-04-16T15:03:59","slug":"regras-de-competicao-para-menores-de-16-anos-adaptacoes-wkf","status":"publish","type":"page","link":"https:\/\/butokukaisa.com.br\/site\/o-karate-esportivo\/regras-de-competicao-para-menores-de-16-anos-adaptacoes-wkf\/","title":{"rendered":"REGRAS DE COMPETI\u00c7\u00c3O PARA MENORES DE 16 ANOS (ADAPTA\u00c7\u00d5ES WKF)"},"content":{"rendered":"<div>\n<p style=\"text-align: justify;\">As regras da WKF s\u00e3o v\u00e1lidas com as seguintes emendas:<\/p>\n<p style=\"text-align: justify;\"><strong>ARTIGO 1\u00ba &#8211; \u00c1REA DE COMPETI\u00c7\u00c3O<\/strong><br \/>\nA \u00e1rea de competi\u00e7\u00e3o para atletas acima de 14 anos ser\u00e1 de 8m de cada lado.<br \/>\nAbaixo de 14 anos, a \u00e1rea ser\u00e1 de 6m de cada lado.<\/p>\n<p style=\"text-align: justify;\"><strong>ARTIGO 2\u00ba &#8211; T\u00c9CNICOS E PAIS<\/strong><br \/>\nO T\u00e9cnico dever\u00e1 usar em todos os momentos, durante a competi\u00e7\u00e3o, traje completo espec\u00edfico, exibindo seu crach\u00e1 de t\u00e9cnico. Ser\u00e1 designado para ele, um lugar para sentar-se durante a contenda, sendo que ele n\u00e3o poder\u00e1 interromper a disputa por meio de instru\u00e7\u00f5es ou gesticula\u00e7\u00e3o para seus competidores.<br \/>\nAos pais, n\u00e3o ser\u00e1 permitida a presen\u00e7a na \u00e1rea de competi\u00e7\u00e3o, nem contestar as decis\u00f5es dos \u00e1rbitros. Comportamento tido como inaceit\u00e1vel, poder\u00e1 implicar em desqualifica\u00e7\u00e3o do competidor ou de toda equipe.<\/p>\n<p style=\"text-align: justify;\"><strong>ARTIGO 5\u00ba &#8211; DURA\u00c7\u00c3O DA LUTA <\/strong><br \/>\nA dura\u00e7\u00e3o dos combates de Kumite ser\u00e1 de 2 minutos para competidores de 14 anos ou acima, e de 1 minuto e 30 segundos para os menores de 14 anos.<\/p>\n<p style=\"text-align: justify;\"><strong>ARTIGO 8\u00ba &#8211; COMPORTAMENTOS PROIBIDOS<\/strong><br \/>\nTodas as t\u00e9cnicas visando cabe\u00e7a, rosto e pesco\u00e7o, dever\u00e3o ter absoluto controle.<br \/>\nSe o p\u00e9 ou a luva tocarem o alvo, o quadro de \u00e1rbitro n\u00e3o consignar\u00e1 o ponto.<br \/>\nEm primeira inst\u00e2ncia, um toque leve poder\u00e1 implicar em CHUKOKU, mas toques subsequ\u00eantes, receber\u00e3o KEIKOKU, HANSOKU CHUI e, finalmente, HANSOKU.<br \/>\nN\u00e3o h\u00e1 necessidade de ocorrer, de fato, alguma les\u00e3o para se penalizar um dos atletas.<br \/>\nQualquer t\u00e9cnica visando cabe\u00e7a, rosto ou pesco\u00e7o que produza les\u00e3o, n\u00e3o interessa qu\u00e3o leve seja a gravidade, dever\u00e1 gerar advert\u00eancia ou penalidade, a menos que seja provocada pelo defensor (MUBOBI).<br \/>\nQualquer comportamento descort\u00eas de um competidor, companheiro de equipe, t\u00e9cnico ou de um dos pais, pode provocar desqualifica\u00e7\u00e3o do ofensor, de toda a equipe ou de toda a delega\u00e7\u00e3o.<\/p>\n<p style=\"text-align: justify;\"><strong>EXPLICA\u00c7\u00c3O\u00a0:<\/strong><\/p>\n<p style=\"text-align: justify;\">No caso de crian\u00e7as e jovens, n\u00e3o se pode esperar que exibam o memso grau de controle e coordena\u00e7\u00e3o dos adultos. Portanto, o quadro de \u00e1rbitro deve permitir uma margem mais larga de seguran\u00e7a de dist\u00e2ncia requerida para t\u00e9cnicas de pontua\u00e7\u00e3o. Chutes alto, socos e golpes que satisfa\u00e7am os demais crit\u00e9rios e que atinjam at\u00e9 10 cm do alvo, devem ser consignados.<br \/>\n\u00c1rbitros e auxiliares devem lembra-se que crian\u00e7as e jovens ainda n\u00e3o amadureceram fisicamente, e que o contato firme visto em combate de adultos n\u00e3o \u00e9 permitido neste n\u00edvel.<br \/>\nT\u00e9cnicas visando o corpo poder\u00e3o fazer contato leve, mas controlado. O uso da prote\u00e7\u00e3o para o corpo, homologada pela WKF, \u00e9 obrigat\u00f3rio.<br \/>\nQuando avaliar contato, o \u00e1rbitro central deve levar em conta todas as circunst\u00e2ncias. O atacante gerou contato por descuido ou mal\u00edcia, ou a v\u00edtima o gerou por falhar em sua atitude defensiva\u00a0?<br \/>\nO \u00e1rbitro central, tamb\u00e9m, deve considerar efeitos de uma not\u00e1vel disparidade de tamanho entre os competidores, como ocorre em disputas de crian\u00e7as.<\/p>\n<\/div>\n","protected":false},"excerpt":{"rendered":"<p>As regras da WKF s\u00e3o v\u00e1lidas com as seguintes emendas: ARTIGO 1\u00ba &#8211; \u00c1REA DE COMPETI\u00c7\u00c3O A \u00e1rea de competi\u00e7\u00e3o para atletas acima de 14 anos ser\u00e1 de 8m de cada lado. Abaixo de 14 anos, a \u00e1rea ser\u00e1 de 6m de cada lado. ARTIGO 2\u00ba &#8211; T\u00c9CNICOS E PAIS O T\u00e9cnico dever\u00e1 usar em [&hellip;]<\/p>\n","protected":false},"author":1,"featured_media":0,"parent":1504,"menu_order":0,"comment_status":"closed","ping_status":"closed","template":"","meta":{"_blockly_fonts_attr":"","footnotes":""},"class_list":["post-1362","page","type-page","status-publish","hentry"],"_links":{"self":[{"href":"https:\/\/butokukaisa.com.br\/site\/wp-json\/wp\/v2\/pages\/1362","targetHints":{"allow":["GET"]}}],"collection":[{"href":"https:\/\/butokukaisa.com.br\/site\/wp-json\/wp\/v2\/pages"}],"about":[{"href":"https:\/\/butokukaisa.com.br\/site\/wp-json\/wp\/v2\/types\/page"}],"author":[{"embeddable":true,"href":"https:\/\/butokukaisa.com.br\/site\/wp-json\/wp\/v2\/users\/1"}],"replies":[{"embeddable":true,"href":"https:\/\/butokukaisa.com.br\/site\/wp-json\/wp\/v2\/comments?post=1362"}],"version-history":[{"count":0,"href":"https:\/\/butokukaisa.com.br\/site\/wp-json\/wp\/v2\/pages\/1362\/revisions"}],"up":[{"embeddable":true,"href":"https:\/\/butokukaisa.com.br\/site\/wp-json\/wp\/v2\/pages\/1504"}],"wp:attachment":[{"href":"https:\/\/butokukaisa.com.br\/site\/wp-json\/wp\/v2\/media?parent=1362"}],"curies":[{"name":"wp","href":"https:\/\/api.w.org\/{rel}","templated":true}]}}