{"id":5140,"date":"2010-08-20T21:45:18","date_gmt":"2010-08-21T00:45:18","guid":{"rendered":"http:\/\/www.butokukaisa.com.br\/?page_id=2"},"modified":"2022-04-16T11:56:34","modified_gmt":"2022-04-16T14:56:34","slug":"butokukai-santo-antonio","status":"publish","type":"page","link":"https:\/\/butokukaisa.com.br\/site\/butokukai-santo-antonio\/","title":{"rendered":"BUTOKUKAI &#8211; SANTO ANT\u00d4NIO"},"content":{"rendered":"<p style=\"text-align: justify;\">\nA Associa\u00e7\u00e3o Karat\u00ea Butoku-kai Santo Antonio <strong>(<\/strong><strong><em>ASKABUSA) <\/em><\/strong>foi fundada em 20 de junho de 1990. Naquela \u00e9poca, ainda sem sede, o Sensei Carlos Alberto contou com o apoio da comunidade local para que fosse cedido o Sal\u00e3o anexo a Bas\u00edlica do Santu\u00e1rio de Santo Ant\u00f4nio.<\/p>\n<p style=\"text-align: justify;\">A id\u00e9ia do nome da Associa\u00e7\u00e3o se deu por dois fatores: <span style=\"color: #ff0000;\"><strong>Butoku-kai <span style=\"color: #000000;\">(conhecida em todo Brasil e que possui filiais em diversos pa\u00edses)<\/span><\/strong><\/span> por ser a\u00a0 Associa\u00e7\u00e3o de origem do professor respons\u00e1vel e <strong><span style=\"color: #ff0000;\">Santo Antonio<\/span><\/strong> devido a uma\u00a0 homenagem ao padroeiro da regi\u00e3o.<\/p>\n<figure id=\"attachment_1115\" aria-describedby=\"caption-attachment-1115\" style=\"width: 500px\" class=\"wp-caption aligncenter\"><img fetchpriority=\"high\" decoding=\"async\" class=\"wp-image-1115 size-full\" src=\"https:\/\/butokukaisa.com.br\/site\/wp-content\/uploads\/2010\/08\/santuario-de-sto-antonio.jpg\" alt=\"\" width=\"500\" height=\"335\" srcset=\"https:\/\/butokukaisa.com.br\/site\/wp-content\/uploads\/2010\/08\/santuario-de-sto-antonio.jpg 500w, https:\/\/butokukaisa.com.br\/site\/wp-content\/uploads\/2010\/08\/santuario-de-sto-antonio-300x201.jpg 300w\" sizes=\"(max-width: 500px) 100vw, 500px\" \/><figcaption id=\"caption-attachment-1115\" class=\"wp-caption-text\">Bas\u00edlica de Santo Antonio cujo sal\u00e3o anexo foi a primeira sede da ASKABUSA<\/figcaption><\/figure>\n<p>O objetivo sempre foi trabalhar a atividade esportiva para crian\u00e7as do local. Levando os\u00a0 ensinamentos\u00a0 e a disciplina contidos na filosofia do <strong>KARAT\u00ca<\/strong>. Desse modo,\u00a0 o jovem da comunidade teria uma boa oportunidade de trabalhar sua forma\u00e7\u00e3o global, ficando distante da ociosidade.<\/p>\n<p style=\"text-align: justify;\">A Associa\u00e7\u00e3o foi formada com 20 (vinte) alunos, mas ap\u00f3s 6 meses de exist\u00eancia chegou a ter mais de 100 adeptos. \u00c0 partir da\u00ed, surgiram v\u00e1rios campe\u00f5es estaduais e at\u00e9 mesmo atletas de n\u00edvel nacional e internacional.<\/p>\n<p style=\"text-align: justify;\"><img decoding=\"async\" class=\"aligncenter wp-image-1102 size-full\" src=\"https:\/\/butokukaisa.com.br\/site\/wp-content\/uploads\/2010\/08\/logo.jpg\" alt=\"\" width=\"364\" height=\"310\" srcset=\"https:\/\/butokukaisa.com.br\/site\/wp-content\/uploads\/2010\/08\/logo.jpg 364w, https:\/\/butokukaisa.com.br\/site\/wp-content\/uploads\/2010\/08\/logo-300x255.jpg 300w\" sizes=\"(max-width: 364px) 100vw, 364px\" \/>Desde o in\u00edcio do seu trabalho com jovens e adolescentes, o Professor Carlos Alberto (naquela ep\u00f3ca\u00a0 faixa preta 2\u00ba Dan)\u00a0 j\u00e1 era um grande atleta, respeitado dentro e fora do estado. Ele sempre demonstrou o desejo de ensinar para todos jovens, como \u00e9 ser um grande atleta para viver bem com a sociedade, sem gerar viol\u00eancia ou ser envolver em drogas. Para ele <strong><em>&#8220;Os jovens precisam hoje \u00e9 saber viver sempre praticando um esporte que lhes traga benef\u00edcio f\u00edsico e\u00a0 fortalecimento interior.&#8221;<\/em><\/strong><\/p>\n<p style=\"text-align: justify;\"><em>Oss,<\/em><\/p>\n<p style=\"text-align: justify;\"><em>Carlos Alberto da Silva Alves<\/em><\/p>\n<p style=\"text-align: justify;\"><strong><em>Diretor T\u00e9cnico da ASKABUSA<br \/>\n<\/em><\/strong><\/p>\n","protected":false},"excerpt":{"rendered":"<p>A Associa\u00e7\u00e3o Karat\u00ea Butoku-kai Santo Antonio (ASKABUSA) foi fundada em 20 de junho de 1990. Naquela \u00e9poca, ainda sem sede, o Sensei Carlos Alberto contou com o apoio da comunidade local para que fosse cedido o Sal\u00e3o anexo a Bas\u00edlica do Santu\u00e1rio de Santo Ant\u00f4nio. A id\u00e9ia do nome da Associa\u00e7\u00e3o se deu por dois [&hellip;]<\/p>\n","protected":false},"author":1,"featured_media":0,"parent":0,"menu_order":0,"comment_status":"closed","ping_status":"closed","template":"","meta":{"_blockly_fonts_attr":"","footnotes":""},"class_list":["post-5140","page","type-page","status-publish","hentry"],"_links":{"self":[{"href":"https:\/\/butokukaisa.com.br\/site\/wp-json\/wp\/v2\/pages\/5140","targetHints":{"allow":["GET"]}}],"collection":[{"href":"https:\/\/butokukaisa.com.br\/site\/wp-json\/wp\/v2\/pages"}],"about":[{"href":"https:\/\/butokukaisa.com.br\/site\/wp-json\/wp\/v2\/types\/page"}],"author":[{"embeddable":true,"href":"https:\/\/butokukaisa.com.br\/site\/wp-json\/wp\/v2\/users\/1"}],"replies":[{"embeddable":true,"href":"https:\/\/butokukaisa.com.br\/site\/wp-json\/wp\/v2\/comments?post=5140"}],"version-history":[{"count":0,"href":"https:\/\/butokukaisa.com.br\/site\/wp-json\/wp\/v2\/pages\/5140\/revisions"}],"wp:attachment":[{"href":"https:\/\/butokukaisa.com.br\/site\/wp-json\/wp\/v2\/media?parent=5140"}],"curies":[{"name":"wp","href":"https:\/\/api.w.org\/{rel}","templated":true}]}}