{"id":5573,"date":"2023-07-14T09:40:00","date_gmt":"2023-07-14T12:40:00","guid":{"rendered":"https:\/\/butokukaisa.com.br\/site\/?page_id=5573"},"modified":"2023-07-14T11:22:33","modified_gmt":"2023-07-14T14:22:33","slug":"home","status":"publish","type":"page","link":"https:\/\/butokukaisa.com.br\/site\/","title":{"rendered":"Home"},"content":{"rendered":"\t\t<div data-elementor-type=\"wp-page\" data-elementor-id=\"5573\" class=\"elementor elementor-5573\">\n\t\t\t\t\t\t<section class=\"elementor-section elementor-top-section elementor-element elementor-element-8592d35 elementor-section-boxed elementor-section-height-default elementor-section-height-default\" data-id=\"8592d35\" data-element_type=\"section\">\n\t\t\t\t\t\t<div class=\"elementor-container elementor-column-gap-default\">\n\t\t\t\t\t<div class=\"elementor-column elementor-col-100 elementor-top-column elementor-element elementor-element-00a3d75\" data-id=\"00a3d75\" data-element_type=\"column\">\n\t\t\t<div class=\"elementor-widget-wrap elementor-element-populated\">\n\t\t\t\t\t\t<div class=\"elementor-element elementor-element-d19d0da elementor-widget elementor-widget-video\" data-id=\"d19d0da\" data-element_type=\"widget\" data-settings=\"{&quot;youtube_url&quot;:&quot;https:\\\/\\\/youtu.be\\\/3CXRKRor_OA&quot;,&quot;play_on_mobile&quot;:&quot;yes&quot;,&quot;autoplay&quot;:&quot;yes&quot;,&quot;yt_privacy&quot;:&quot;yes&quot;,&quot;show_image_overlay&quot;:&quot;yes&quot;,&quot;image_overlay&quot;:{&quot;url&quot;:&quot;https:\\\/\\\/butokukaisa.com.br\\\/site\\\/wp-content\\\/uploads\\\/2020\\\/09\\\/FOTO-SULA-2019-CARLINHOS.jpg&quot;,&quot;id&quot;:5555,&quot;size&quot;:&quot;&quot;,&quot;alt&quot;:&quot;&quot;,&quot;source&quot;:&quot;library&quot;},&quot;video_type&quot;:&quot;youtube&quot;,&quot;controls&quot;:&quot;yes&quot;}\" data-widget_type=\"video.default\">\n\t\t\t\t<div class=\"elementor-widget-container\">\n\t\t\t\t\t\t\t<div class=\"elementor-wrapper elementor-open-inline\">\n\t\t\t<div class=\"elementor-video\"><\/div>\t\t\t\t<div class=\"elementor-custom-embed-image-overlay\" style=\"background-image: url(https:\/\/butokukaisa.com.br\/site\/wp-content\/uploads\/2020\/09\/FOTO-SULA-2019-CARLINHOS.jpg);\">\n\t\t\t\t\t\t\t\t\t\t\t\t\t\t\t\t<div class=\"elementor-custom-embed-play\" role=\"button\" aria-label=\"Reproduzir v\u00eddeo\" tabindex=\"0\">\n\t\t\t\t\t\t\t<i aria-hidden=\"true\" class=\"eicon-play\"><\/i>\t\t\t\t\t\t<\/div>\n\t\t\t\t\t\t\t\t\t<\/div>\n\t\t\t\t\t<\/div>\n\t\t\t\t\t\t<\/div>\n\t\t\t\t<\/div>\n\t\t\t\t\t<\/div>\n\t\t<\/div>\n\t\t\t\t\t<\/div>\n\t\t<\/section>\n\t\t\t\t<section class=\"elementor-section elementor-top-section elementor-element elementor-element-0160f2c elementor-section-boxed elementor-section-height-default elementor-section-height-default\" data-id=\"0160f2c\" data-element_type=\"section\">\n\t\t\t\t\t\t<div class=\"elementor-container elementor-column-gap-default\">\n\t\t\t\t\t<div class=\"elementor-column elementor-col-50 elementor-top-column elementor-element elementor-element-32c0510\" data-id=\"32c0510\" data-element_type=\"column\">\n\t\t\t<div class=\"elementor-widget-wrap elementor-element-populated\">\n\t\t\t\t\t\t<div class=\"elementor-element elementor-element-4b564c6 elementor-widget elementor-widget-text-editor\" data-id=\"4b564c6\" data-element_type=\"widget\" data-widget_type=\"text-editor.default\">\n\t\t\t\t<div class=\"elementor-widget-container\">\n\t\t\t\t\t\t\t\t\t<p><strong>ASSOCIA\u00c7\u00c3O ESPORTIVA E CULTURAL DE KARAT\u00ca\u00a0<\/strong> <strong>BUTOKU-KAI DE SANTO ANT\u00d4NIO<\/strong> (ASKABUSA)<br \/>Fundada em 20 de junho de 1990<br \/>Filiado \u00e0 Federa\u00e7\u00e3o Espiritosantense de Karat\u00ea \u2013 FEK<br \/>Modalidade Reconhecida pelo MEC Portaria n\u00b0 551\/87 e CNE Portaria n\u00ba 42\/1984 de 21\/01\/85<br \/>Filiada \u00e0 Confedera\u00e7\u00e3o Brasileira de Karat\u00ea (WKF)<br \/>Vinculada ao Comit\u00ea Ol\u00edmpico Brasileiro (COB)<br \/>CNPJ: 33.027.739\/0001-46<\/p>\t\t\t\t\t\t\t\t<\/div>\n\t\t\t\t<\/div>\n\t\t\t\t\t<\/div>\n\t\t<\/div>\n\t\t\t\t<div class=\"elementor-column elementor-col-50 elementor-top-column elementor-element elementor-element-9a27f09\" data-id=\"9a27f09\" data-element_type=\"column\">\n\t\t\t<div class=\"elementor-widget-wrap elementor-element-populated\">\n\t\t\t\t\t\t<div class=\"elementor-element elementor-element-013ca77 elementor-widget elementor-widget-image\" data-id=\"013ca77\" data-element_type=\"widget\" data-widget_type=\"image.default\">\n\t\t\t\t<div class=\"elementor-widget-container\">\n\t\t\t\t\t\t\t\t\t\t\t\t\t\t\t<img fetchpriority=\"high\" decoding=\"async\" width=\"512\" height=\"512\" src=\"https:\/\/butokukaisa.com.br\/site\/wp-content\/uploads\/2023\/07\/favicon-512x512wp.png\" class=\"attachment-large size-large wp-image-5726\" alt=\"\" srcset=\"https:\/\/butokukaisa.com.br\/site\/wp-content\/uploads\/2023\/07\/favicon-512x512wp.png 512w, https:\/\/butokukaisa.com.br\/site\/wp-content\/uploads\/2023\/07\/favicon-512x512wp-300x300.png 300w, https:\/\/butokukaisa.com.br\/site\/wp-content\/uploads\/2023\/07\/favicon-512x512wp-150x150.png 150w\" sizes=\"(max-width: 512px) 100vw, 512px\" \/>\t\t\t\t\t\t\t\t\t\t\t\t\t\t\t<\/div>\n\t\t\t\t<\/div>\n\t\t\t\t\t<\/div>\n\t\t<\/div>\n\t\t\t\t\t<\/div>\n\t\t<\/section>\n\t\t\t\t<section class=\"elementor-section elementor-top-section elementor-element elementor-element-e33e957 elementor-section-boxed elementor-section-height-default elementor-section-height-default\" data-id=\"e33e957\" data-element_type=\"section\">\n\t\t\t\t\t\t<div class=\"elementor-container elementor-column-gap-default\">\n\t\t\t\t\t<div class=\"elementor-column elementor-col-100 elementor-top-column elementor-element elementor-element-e274acc\" data-id=\"e274acc\" data-element_type=\"column\">\n\t\t\t<div class=\"elementor-widget-wrap elementor-element-populated\">\n\t\t\t\t\t\t<div class=\"elementor-element elementor-element-c0332fb elementor-widget elementor-widget-wp-widget-recent-posts\" data-id=\"c0332fb\" data-element_type=\"widget\" data-widget_type=\"wp-widget-recent-posts.default\">\n\t\t\t\t<div class=\"elementor-widget-container\">\n\t\t\t\t\t\n\t\t\n\t\t<h5>Posts recentes<\/h5><nav aria-label=\"Posts recentes\">\n\t\t<ul>\n\t\t\t\t\t\t\t\t\t\t\t<li>\n\t\t\t\t\t<a href=\"https:\/\/butokukaisa.com.br\/site\/2022\/05\/28\/copa-butoku-kai-de-karate-santo-antonio-junho-2022\/\">COPA BUTOKU-KAI DE KARAT\u00ca SANTO ANT\u00d4NIO JUNHO 2022<\/a>\n\t\t\t\t\t\t\t\t\t<\/li>\n\t\t\t\t\t\t\t\t\t\t\t<li>\n\t\t\t\t\t<a href=\"https:\/\/butokukaisa.com.br\/site\/2020\/04\/08\/quarta-08-abril-2020-live-no-instagram-treino-shiai-kumite\/\">quarta, 08 abril 2020 &#8211; Live no Instagram &#8211; Treino Shiai Kumite<\/a>\n\t\t\t\t\t\t\t\t\t<\/li>\n\t\t\t\t\t\t\t\t\t\t\t<li>\n\t\t\t\t\t<a href=\"https:\/\/butokukaisa.com.br\/site\/2019\/08\/09\/a-importancia-do-karate-na-vida-das-criancas\/\">A IMPORT\u00c2NCIA DO KARAT\u00ca NA VIDA DAS CRIAN\u00c7AS<\/a>\n\t\t\t\t\t\t\t\t\t<\/li>\n\t\t\t\t\t\t\t\t\t\t\t<li>\n\t\t\t\t\t<a href=\"https:\/\/butokukaisa.com.br\/site\/2019\/08\/01\/pratique-karate\/\">PRATIQUE KARAT\u00ca &#8211; Confira esta oportunidade.<\/a>\n\t\t\t\t\t\t\t\t\t<\/li>\n\t\t\t\t\t\t\t\t\t\t\t<li>\n\t\t\t\t\t<a href=\"https:\/\/butokukaisa.com.br\/site\/2019\/07\/29\/idosos-praticam-artes-marciais-para-afastar-problemas-de-saude-no-es\/\">Idosos praticam artes marciais para afastar problemas de sa\u00fade, no ES<\/a>\n\t\t\t\t\t\t\t\t\t<\/li>\n\t\t\t\t\t\t\t\t\t\t\t<li>\n\t\t\t\t\t<a href=\"https:\/\/butokukaisa.com.br\/site\/2018\/09\/09\/askabusa-no-pan-americano-sub-21-no-rio-de-janeiro-2018\/\">Askabusa no Pan Americano sub 21 no Rio de Janeiro 2018<\/a>\n\t\t\t\t\t\t\t\t\t<\/li>\n\t\t\t\t\t\t\t\t\t\t\t<li>\n\t\t\t\t\t<a href=\"https:\/\/butokukaisa.com.br\/site\/2018\/09\/09\/seminario-de-kihon-kata-e-shiai-kumite-e-torneio-da-askabusa\/\">Semin\u00e1rio de Kihon Kata e Shiai-Kumite e Torneio da Askabusa<\/a>\n\t\t\t\t\t\t\t\t\t<\/li>\n\t\t\t\t\t\t\t\t\t\t\t<li>\n\t\t\t\t\t<a href=\"https:\/\/butokukaisa.com.br\/site\/2018\/09\/09\/colatinaes-sedia-a-2-etapa-do-campeonato-estadual-de-karate\/\">Colatina\/ES sedia a 2 Etapa do Campeonato Estadual de Karat\u00ea<\/a>\n\t\t\t\t\t\t\t\t\t<\/li>\n\t\t\t\t\t\t\t\t\t\t\t<li>\n\t\t\t\t\t<a href=\"https:\/\/butokukaisa.com.br\/site\/2018\/09\/09\/etapa-do-estadual-na-cidade-de-sao-mateuses-2018\/\">Etapa do Estadual na Cidade de S\u00e3o Mateus\/ES 2018<\/a>\n\t\t\t\t\t\t\t\t\t<\/li>\n\t\t\t\t\t\t\t\t\t\t\t<li>\n\t\t\t\t\t<a href=\"https:\/\/butokukaisa.com.br\/site\/2018\/09\/09\/lucas-berger-conquista-prata-na-equipe-do-brasil-panamericano-sub-21\/\">Lucas Berger conquista Prata na Equipe do Brasil Panamericano Sub-21<\/a>\n\t\t\t\t\t\t\t\t\t<\/li>\n\t\t\t\t\t\t\t\t\t\t\t<li>\n\t\t\t\t\t<a href=\"https:\/\/butokukaisa.com.br\/site\/2018\/09\/09\/5102-2\/\">Matheus Fellipe conquista com a Equipe de Kata S\u00eanior Prata no Pan Americano no Chile<\/a>\n\t\t\t\t\t\t\t\t\t<\/li>\n\t\t\t\t\t\t\t\t\t\t\t<li>\n\t\t\t\t\t<a href=\"https:\/\/butokukaisa.com.br\/site\/2018\/09\/09\/atleta-tamillis-campi-pimenta-e-bronze-em-budapeste\/\">Atleta Tamillis Campi Pimenta \u00e9 Bronze em Budapeste<\/a>\n\t\t\t\t\t\t\t\t\t<\/li>\n\t\t\t\t\t\t\t\t\t\t\t<li>\n\t\t\t\t\t<a href=\"https:\/\/butokukaisa.com.br\/site\/2018\/09\/09\/a-atleta-tamillis-campi-pimenta-conclui-o-curso-da-fab\/\">A atleta Tamillis Campi Pimenta conclui o Curso da FAB<\/a>\n\t\t\t\t\t\t\t\t\t<\/li>\n\t\t\t\t\t\t\t\t\t\t\t<li>\n\t\t\t\t\t<a href=\"https:\/\/butokukaisa.com.br\/site\/2018\/03\/31\/atletas-da-askabusa-se-classifica-para-etapa-final-do-brasileiro-de-karate\/\">Atletas da ASKABUSA se classifica para etapa final do Brasileiro de Karat\u00ea<\/a>\n\t\t\t\t\t\t\t\t\t<\/li>\n\t\t\t\t\t\t\t\t\t\t\t<li>\n\t\t\t\t\t<a href=\"https:\/\/butokukaisa.com.br\/site\/2018\/02\/04\/calendario-da-fek-2018\/\">Calend\u00e1rio da FEK 2018<\/a>\n\t\t\t\t\t\t\t\t\t<\/li>\n\t\t\t\t\t<\/ul>\n\n\t\t<\/nav>\t\t\t\t<\/div>\n\t\t\t\t<\/div>\n\t\t\t\t\t<\/div>\n\t\t<\/div>\n\t\t\t\t\t<\/div>\n\t\t<\/section>\n\t\t\t\t<section class=\"elementor-section elementor-top-section elementor-element elementor-element-39c05b2 elementor-section-boxed elementor-section-height-default elementor-section-height-default\" data-id=\"39c05b2\" data-element_type=\"section\">\n\t\t\t\t\t\t<div class=\"elementor-container elementor-column-gap-default\">\n\t\t\t\t\t<div class=\"elementor-column elementor-col-100 elementor-top-column elementor-element elementor-element-391f6fe\" data-id=\"391f6fe\" data-element_type=\"column\">\n\t\t\t<div class=\"elementor-widget-wrap elementor-element-populated\">\n\t\t\t\t\t\t<div class=\"elementor-element elementor-element-0b05adc elementor-widget elementor-widget-text-editor\" data-id=\"0b05adc\" data-element_type=\"widget\" data-widget_type=\"text-editor.default\">\n\t\t\t\t<div class=\"elementor-widget-container\">\n\t\t\t\t\t\t\t\t\t\n            <div \n                class=\"elfsight-widget-whatsapp-chat elfsight-widget\" \n                data-elfsight-whatsapp-chat-options=\"%7B%22phone%22%3A%22%2B55%2027%2099733-0717%22%2C%22bubbleIcon%22%3A%22whatsapp-chat%22%2C%22bubbleText%22%3A%22%22%2C%22picture%22%3A%22custom%22%2C%22pictureLibrary%22%3A%7B%22photo%22%3A%22https%3A%5C%2F%5C%2Fpbs.twimg.com%5C%2Fprofile_images%5C%2F951055655594545153%5C%2FF6eybr-i.jpg%22%7D%2C%22pictureCustom%22%3A%22https%3A%5C%2F%5C%2Fbutokukaisa.com.br%5C%2Fsite%5C%2Fwp-content%5C%2Fuploads%5C%2F2019%5C%2F08%5C%2Femblema-120x120.png%22%2C%22name%22%3A%22BUTOKUKAI%22%2C%22nameCaptionType%22%3A%22custom%22%2C%22nameCaptionReplyTime%22%3A%22Typically%20replies%20within%20an%20hour%22%2C%22nameCaptionCustom%22%3A%22Normalmente%20respondemos%20em%20algumas%20horas.%20Devido%20aos%20treinos.%22%2C%22welcomeMessage%22%3A%22Ol%5Cu00e1%2C%20%3F%26nbsp%3B%3Cdiv%3EComo%20posso%20ajud%5Cu00e1-lo%3F%3C%5C%2Fdiv%3E%22%2C%22buttonText%22%3A%22Iniciar%20bate-papo%22%2C%22buttonIconVisible%22%3Atrue%2C%22position%22%3A%22floating%22%2C%22align%22%3A%22left%22%2C%22whereToDisplayChat%22%3A%22allPages%22%2C%22excludedPages%22%3A%5B%5D%2C%22specificPages%22%3A%5B%5D%2C%22showChatOnMobile%22%3Atrue%2C%22showChatTo%22%3A%22allVisitors%22%2C%22timeOnPage%22%3A0%2C%22timeOnSite%22%3A0%2C%22scrollPosition%22%3A0%2C%22exiIntent%22%3Atrue%2C%22notifications%22%3A%5B%22bubbleBadge%22%2C%22tabTitle%22%5D%2C%22headerBackgroundColor%22%3A%22rgb%289%2C%2094%2C%2084%29%22%2C%22buttonColor%22%3A%22rgb%2879%2C%20206%2C%2093%29%22%2C%22bubbleBackgroundColor%22%3A%22rgb%28255%2C%20255%2C%20255%29%22%2C%22bubbleIconColor%22%3A%22rgb%2879%2C%20206%2C%2093%29%22%2C%22buttonBorderRadius%22%3A18%7D\" \n                data-elfsight-whatsapp-chat-version=\"1.0.0\">\n            <\/div>\n            \t\t\t\t\t\t\t\t<\/div>\n\t\t\t\t<\/div>\n\t\t\t\t\t<\/div>\n\t\t<\/div>\n\t\t\t\t\t<\/div>\n\t\t<\/section>\n\t\t\t\t<\/div>\n\t\t","protected":false},"excerpt":{"rendered":"<p>https:\/\/youtu.be\/3CXRKRor_OA ASSOCIA\u00c7\u00c3O ESPORTIVA E CULTURAL DE KARAT\u00ca\u00a0 BUTOKU-KAI DE SANTO ANT\u00d4NIO (ASKABUSA)Fundada em 20 de junho de 1990Filiado \u00e0 Federa\u00e7\u00e3o Espiritosantense de Karat\u00ea \u2013 FEKModalidade Reconhecida pelo MEC Portaria n\u00b0 551\/87 e CNE Portaria n\u00ba 42\/1984 de 21\/01\/85Filiada \u00e0 Confedera\u00e7\u00e3o Brasileira de Karat\u00ea (WKF)Vinculada ao Comit\u00ea Ol\u00edmpico Brasileiro (COB)CNPJ: 33.027.739\/0001-46<\/p>\n","protected":false},"author":2,"featured_media":0,"parent":0,"menu_order":0,"comment_status":"closed","ping_status":"closed","template":"","meta":{"_blockly_fonts_attr":"","footnotes":""},"class_list":["post-5573","page","type-page","status-publish","hentry"],"_links":{"self":[{"href":"https:\/\/butokukaisa.com.br\/site\/wp-json\/wp\/v2\/pages\/5573","targetHints":{"allow":["GET"]}}],"collection":[{"href":"https:\/\/butokukaisa.com.br\/site\/wp-json\/wp\/v2\/pages"}],"about":[{"href":"https:\/\/butokukaisa.com.br\/site\/wp-json\/wp\/v2\/types\/page"}],"author":[{"embeddable":true,"href":"https:\/\/butokukaisa.com.br\/site\/wp-json\/wp\/v2\/users\/2"}],"replies":[{"embeddable":true,"href":"https:\/\/butokukaisa.com.br\/site\/wp-json\/wp\/v2\/comments?post=5573"}],"version-history":[{"count":3,"href":"https:\/\/butokukaisa.com.br\/site\/wp-json\/wp\/v2\/pages\/5573\/revisions"}],"predecessor-version":[{"id":5809,"href":"https:\/\/butokukaisa.com.br\/site\/wp-json\/wp\/v2\/pages\/5573\/revisions\/5809"}],"wp:attachment":[{"href":"https:\/\/butokukaisa.com.br\/site\/wp-json\/wp\/v2\/media?parent=5573"}],"curies":[{"name":"wp","href":"https:\/\/api.w.org\/{rel}","templated":true}]}}